{"id":2964,"date":"2025-12-21T20:02:21","date_gmt":"2025-12-21T20:02:21","guid":{"rendered":"http:\/\/worksopwebdesign.co.uk\/SMAG\/?page_id=2964"},"modified":"2026-01-04T16:01:25","modified_gmt":"2026-01-04T16:01:25","slug":"salater","status":"publish","type":"page","link":"http:\/\/worksopwebdesign.co.uk\/SMAG\/salater\/","title":{"rendered":"salater"},"content":{"rendered":"<div class=\"wpb-content-wrapper\"><p>[vc_row content_placement=&#8221;top&#8221; css=&#8221;.vc_custom_1767534805986{padding-right: 5% !important;padding-left: 5% !important;}&#8221;][vc_column width=&#8221;1\/2&#8243; el_class=&#8221;spacingpara&#8221;][vc_empty_space height=&#8221;60px&#8221;][vc_column_text css=&#8221;&#8221;]<\/p>\n<h1>blandet p\u00e5 s\u00e6sonens friskeste r\u00e5varer<\/h1>\n<p>[\/vc_column_text][vc_column_text css=&#8221;&#8221;]<\/p>\n<h5>SUNDE OG L\u00c6KRE SALATER I K\u00d8BENHAVN<\/h5>\n<p>[\/vc_column_text][vc_empty_space height=&#8221;30px&#8221;][vc_column_text css=&#8221;&#8221; el_class=&#8221;maintextforms&#8221;]Hver morgen forbereder vi l\u00e6kre salater lavet p\u00e5 s\u00e6sonens friskeste r\u00e5varer. Vi har altid et stort udvalg af b\u00e5de glutenfrie, laktosefrie, vegetariske &amp; plantebaseret salater.<\/p>\n<p>Har du sp\u00f8rgsm\u00e5l til den enkelte salat eller tilbeh\u00f8r er du meget velkommen til at henvende dig til vores personale og de vil guide dig igennem.[\/vc_column_text][vc_empty_space height=&#8221;100px&#8221;][vc_row_inner][vc_column_inner el_class=&#8221;menublock&#8221; width=&#8221;1\/2&#8243;][vc_column_text css=&#8221;&#8221;]<\/p>\n<h6 style=\"text-align: center;\">SMAG SALAT<\/h6>\n<p style=\"text-align: center;\">3 forskellige slags salater,<br \/>\n2 toppings,<br \/>\nrugbr\u00f8d, groft flute eller foccacia<\/p>\n<h6 style=\"text-align: center;\">115,-<\/h6>\n<p>[\/vc_column_text][\/vc_column_inner][vc_column_inner el_class=&#8221;menublock&#8221; width=&#8221;1\/2&#8243;][vc_column_text css=&#8221;&#8221;]<\/p>\n<h6 style=\"text-align: center;\">SMAG SALAT MENU<\/h6>\n<p style=\"text-align: center;\">3 forskellige slags salater,<br \/>\n2 toppings,<br \/>\n1 valgfri side<br \/>\nrugbr\u00f8d, groft flute eller foccacia<\/p>\n<h6 style=\"text-align: center;\">130,-<\/h6>\n<p>[\/vc_column_text][\/vc_column_inner][\/vc_row_inner][vc_empty_space height=&#8221;30px&#8221;][vc_row_inner][vc_column_inner width=&#8221;1\/2&#8243;][vc_column_text css=&#8221;&#8221; el_class=&#8221;maintextforms menublock2&#8243;]<\/p>\n<h6 style=\"text-align: center;\">Top din salat med 2 af vores toppings<\/h6>\n<p style=\"text-align: center;\">\u00c6rtepur\u00e8<br \/>\nHummus<br \/>\nTr\u00f8ffel b\u00f8nne pur\u00e9<br \/>\nR\u00f8dbede hummus<br \/>\nGr\u00f8n pesto<br \/>\nChili pesto<br \/>\nMandler + 10,00 kr.<br \/>\nGrillede s\u00f8d kartoffel + 10,00 kr.<br \/>\nFeta + 10,00 kr.<br \/>\nGrillede aubergine + 10,00 kr.<br \/>\nR\u00f8dl\u00f8gsrelish + 10,00 kr.<br \/>\nRistede kik\u00e6rter &amp; hesteb\u00f8nner + 10,00 kr.<\/p>\n<p>[\/vc_column_text][\/vc_column_inner][vc_column_inner width=&#8221;1\/2&#8243;][vc_column_text css=&#8221;&#8221; el_class=&#8221;maintextforms menublock2&#8243;]<\/p>\n<h6 style=\"text-align: center;\">Tilbeh\u00f8r til din salat<\/h6>\n<p style=\"text-align: center;\">Pesto kylling bryst 25,00 kr \/\/ GF, LF<br \/>\nKylling satay spyd 26,00 kr \/\/ GF, LF<br \/>\nMajs falafel 26,00 kr \/\/ GF, LF, V<br \/>\nLinse falafel 26,00 kr \/\/ GF, LF, PB, V<\/p>\n<p>[\/vc_column_text][vc_empty_space height=&#8221;30px&#8221;][vc_column_text css=&#8221;&#8221; el_class=&#8221;maintextforms menublock2&#8243;]<\/p>\n<h6 style=\"text-align: center;\">Drikkevarer<\/h6>\n<p style=\"text-align: center;\">Vand 26,00 kr<br \/>\nDanskvand 26,00 kr<br \/>\n\u00d8ko juice 39,00 kr<br \/>\n\u00d8ko lemonade 39,00 kr<\/p>\n<p>[\/vc_column_text][\/vc_column_inner][\/vc_row_inner][vc_empty_space height=&#8221;100px&#8221;][\/vc_column][vc_column width=&#8221;1\/2&#8243;][vc_single_image image=&#8221;3057&#8243; img_size=&#8221;full&#8221; css=&#8221;&#8221; el_class=&#8221;offset&#8221;][vc_empty_space height=&#8221;30px&#8221;][vc_row_inner][vc_column_inner el_class=&#8221;menublock3&#8243;][vc_column_text css=&#8221;&#8221;]<em><strong>\u00d8nsker du at bestille? Ring<\/strong><\/em>[\/vc_column_text][vc_btn title=&#8221;Torvehallerne&#8221; css=&#8221;&#8221; link=&#8221;url:tel%3A%2B4526368275&#8243;][vc_btn title=&#8221;Carlsberg Byen&#8221; css=&#8221;&#8221; link=&#8221;url:tel%3A%2B4526365175&#8243;][vc_column_text css=&#8221;&#8221;]<em><strong>Ved st\u00f8rre bestillinger send en mail til\u00a0<a href=\"mailto:mm@smagnu.dk\">mm@smagnu.dk<\/a>\u00a0<\/strong><\/em>[\/vc_column_text][\/vc_column_inner][\/vc_row_inner][\/vc_column][\/vc_row][vc_row css=&#8221;.vc_custom_1767537514554{padding-right: 5% !important;padding-left: 5% !important;}&#8221;][vc_column][vc_tta_tabs][vc_tta_section title=&#8221;JANUAR SALATMENU&#8221; tab_id=&#8221;1767528376176-9d40d57d-42d4&#8243;][vc_row_inner][vc_column_inner width=&#8221;1\/2&#8243;][vc_column_text css=&#8221;&#8221;]<\/p>\n<h6>JANUAR SALATMENU<\/h6>\n<p>[\/vc_column_text][vc_empty_space height=&#8221;20px&#8221;][vc_column_text css=&#8221;&#8221; el_id=&#8221;maintext&#8221; el_class=&#8221;menus&#8221;]Knoldselleri-salat med gulerod, dild, sesam, traneb\u00e6r &amp; lime-dressing \/\/ GF, LF, PB, V<\/p>\n<p>Kartoffelsalat med bagte svampe, gr\u00f8nk\u00e5l &amp; mayo-sennep-dressing \/\/ GF, LF, V<\/p>\n<p>Broccoli-salat med grillet Ras el Hanout-s\u00f8de kartofler, mizuna &amp; appelsin-dressing \/\/ GF, LF, PB, V<\/p>\n<p>Cherry-tomatsalat med gr\u00f8nne b\u00f8nner, squash, babyspinat &amp; gr\u00f8n pesto-dressing \/\/ GF, V<\/p>\n<p>Gulerodssalat med spidsk\u00e5l, mynte, granat\u00e6bler, mandler &amp; tr\u00f8ffel-dressing \/\/ GF, LF, PB, V<\/p>\n<p>Belugalinsesalat med pinto-b\u00f8nner, mandarin, hasseln\u00f8d, gr\u00f8nk\u00e5l &amp; grape-dressing \/\/ GF, V<\/p>\n<p>Lilla spidsk\u00e5lssalat med mandariner, palmek\u00e5l, sveske, pekann\u00f8dder &amp; appelsin-dressing \/\/ GF, LF, PB, V<\/p>\n<p>Quinoa salat med spidsk\u00e5l, grillet r\u00f8dbede, hasseln\u00f8dder, edamame b\u00f8nner, b\u00f8nnespire &amp; kimchi dressing \/\/ GF, V<\/p>\n<p>Tunsalat med hytteost, cornichoner, chili, persille, spidsk\u00e5l, knoldselleri, gulerod &amp; olivenolie \/\/ GF<\/p>\n<p>Pasta salat med gr\u00f8n pesto, tomattapenade, kylling, peberfrugt, rucola &amp; yoghurt dressing[\/vc_column_text][\/vc_column_inner][vc_column_inner width=&#8221;1\/2&#8243;][vc_single_image image=&#8221;3055&#8243; img_size=&#8221;full&#8221; css=&#8221;&#8221; el_class=&#8221;offset&#8221;][\/vc_column_inner][\/vc_row_inner][\/vc_tta_section][vc_tta_section title=&#8221;FEBRUAR SALATMENU&#8221; tab_id=&#8221;1767528680873-9a91a723-f653&#8243;][vc_row_inner][vc_column_inner width=&#8221;1\/2&#8243;][vc_column_text css=&#8221;&#8221;]<\/p>\n<h6>FEBRUAR SALATMENU<\/h6>\n<p>[\/vc_column_text][vc_empty_space height=&#8221;20px&#8221;][vc_column_text css=&#8221;&#8221; el_class=&#8221;menus&#8221; el_id=&#8221;maintext&#8221;]Quinoa salat med kik\u00e6rter, tomat, persille, feta, r\u00f8dk\u00e5l &amp; balsamico dressing \/\/ GF, V<\/p>\n<p>Broccoli salat med spinat, grillet farvet guler\u00f8dder, traneb\u00e6r &amp; appelsin dressing \/\/ GF, LF, PB, V<\/p>\n<p>Grillet kartoffel salat med timian, grillet beder, gr\u00f8nk\u00e5l &amp; krydderurtemayo \/\/ GF, LF, V<\/p>\n<p>Spidsk\u00e5ls salat med grillet svampe, spelt, syltet k\u00e5lrabi, persille &amp; jordb\u00e6r dressing \/\/ LF, PB, V<\/p>\n<p>Tomatsalat med pastinak, spinat mozzarella &amp; persille pesto dressing \/\/ GF, V<\/p>\n<p>Blomk\u00e5lssalat med \u00e6bler, edamame b\u00f8nner, gr\u00f8nk\u00e5l, gr\u00e6skarkerner &amp; citron yoghurt dressing \/\/ GF, V<\/p>\n<p>Savoyk\u00e5l salat med guler\u00f8dder, sveske, grape, palmek\u00e5l &amp; grape dressing \/\/ GF, LF, PB, V<\/p>\n<p>R\u00f8dbede salat med lilla spidsk\u00e5l, sesam, dild, b\u00f8nnespire &amp; kimchi dressing \/\/ GF, LF<\/p>\n<p>Tunsalat med hytteost, cornichoner, chili, persille, spidsk\u00e5l, knoldselleri, gulerod &amp; olivenolie \/\/ GF<\/p>\n<p>Pasta salat med gr\u00f8n pesto, tomattapenade, kylling, peberfrugt, rucola &amp; yoghurt dressing[\/vc_column_text][\/vc_column_inner][vc_column_inner width=&#8221;1\/2&#8243;][vc_single_image image=&#8221;3065&#8243; img_size=&#8221;full&#8221; css=&#8221;&#8221; el_class=&#8221;offset&#8221;][\/vc_column_inner][\/vc_row_inner][\/vc_tta_section][\/vc_tta_tabs][\/vc_column][\/vc_row][vc_row][vc_column][vc_empty_space height=&#8221;60px&#8221;][\/vc_column][\/vc_row][vc_row css=&#8221;.vc_custom_1767541249844{padding-right: 5% !important;padding-left: 5% !important;background-position: center !important;background-repeat: no-repeat !important;background-size: cover !important;border-radius: 30px !important;}&#8221; el_class=&#8221;banner&#8221;][vc_column][vc_row_inner css=&#8221;.vc_custom_1767541925230{background-image: url(http:\/\/worksopwebdesign.co.uk\/SMAG\/wp-content\/uploads\/2026\/01\/smag1.jpg?id=3054) !important;background-position: center !important;background-repeat: no-repeat !important;background-size: cover !important;border-radius: 30px !important;}&#8221;][vc_column_inner width=&#8221;1\/2&#8243; css=&#8221;.vc_custom_1767541555154{padding-left: 10% !important;}&#8221;][vc_empty_space height=&#8221;250px&#8221;][vc_column_text css=&#8221;&#8221;]<\/p>\n<h1>se ogs\u00e5 vores udvalg af catering menuer<\/h1>\n<p>[\/vc_column_text][vc_btn title=&#8221;CATERING MENUER&#8221; css=&#8221;&#8221; link=&#8221;url:%2Fcatering&#8221;][vc_empty_space height=&#8221;250px&#8221;][\/vc_column_inner][vc_column_inner width=&#8221;1\/2&#8243;][\/vc_column_inner][\/vc_row_inner][\/vc_column][\/vc_row][vc_row][vc_column][vc_empty_space height=&#8221;60px&#8221;][\/vc_column][\/vc_row]<\/p>\n<\/div>","protected":false},"excerpt":{"rendered":"<p>[vc_row content_placement=&#8221;top&#8221; css=&#8221;.vc_custom_1767534805986{padding-right: 5% !important;padding-left: 5% !important;}&#8221;][vc_column width=&#8221;1\/2&#8243; el_class=&#8221;spacingpara&#8221;][vc_empty_space height=&#8221;60px&#8221;][vc_column_text css=&#8221;&#8221;] blandet p\u00e5 s\u00e6sonens friskeste r\u00e5varer [\/vc_column_text][vc_column_text css=&#8221;&#8221;] SUNDE OG L\u00c6KRE SALATER I K\u00d8BENHAVN [\/vc_column_text][vc_empty_space height=&#8221;30px&#8221;][vc_column_text css=&#8221;&#8221; el_class=&#8221;maintextforms&#8221;]Hver morgen forbereder vi l\u00e6kre salater lavet p\u00e5 s\u00e6sonens friskeste r\u00e5varer. Vi har altid et stort udvalg af b\u00e5de glutenfrie, laktosefrie, vegetariske &amp; plantebaseret salater. Har du sp\u00f8rgsm\u00e5l [&hellip;]<\/p>\n","protected":false},"author":1,"featured_media":0,"parent":0,"menu_order":0,"comment_status":"closed","ping_status":"closed","template":"","meta":{"footnotes":""},"class_list":["post-2964","page","type-page","status-publish","hentry"],"_links":{"self":[{"href":"http:\/\/worksopwebdesign.co.uk\/SMAG\/wp-json\/wp\/v2\/pages\/2964","targetHints":{"allow":["GET"]}}],"collection":[{"href":"http:\/\/worksopwebdesign.co.uk\/SMAG\/wp-json\/wp\/v2\/pages"}],"about":[{"href":"http:\/\/worksopwebdesign.co.uk\/SMAG\/wp-json\/wp\/v2\/types\/page"}],"author":[{"embeddable":true,"href":"http:\/\/worksopwebdesign.co.uk\/SMAG\/wp-json\/wp\/v2\/users\/1"}],"replies":[{"embeddable":true,"href":"http:\/\/worksopwebdesign.co.uk\/SMAG\/wp-json\/wp\/v2\/comments?post=2964"}],"version-history":[{"count":49,"href":"http:\/\/worksopwebdesign.co.uk\/SMAG\/wp-json\/wp\/v2\/pages\/2964\/revisions"}],"predecessor-version":[{"id":3018,"href":"http:\/\/worksopwebdesign.co.uk\/SMAG\/wp-json\/wp\/v2\/pages\/2964\/revisions\/3018"}],"wp:attachment":[{"href":"http:\/\/worksopwebdesign.co.uk\/SMAG\/wp-json\/wp\/v2\/media?parent=2964"}],"curies":[{"name":"wp","href":"https:\/\/api.w.org\/{rel}","templated":true}]}}