{"id":3195,"date":"2026-01-04T17:01:47","date_gmt":"2026-01-04T17:01:47","guid":{"rendered":"http:\/\/worksopwebdesign.co.uk\/SMAG\/?page_id=3195"},"modified":"2026-01-04T21:40:40","modified_gmt":"2026-01-04T21:40:40","slug":"sandwich","status":"publish","type":"page","link":"http:\/\/worksopwebdesign.co.uk\/SMAG\/sandwich\/","title":{"rendered":"SANDWICH"},"content":{"rendered":"<div class=\"wpb-content-wrapper\"><p>[vc_row content_placement=&#8221;top&#8221; css=&#8221;.vc_custom_1767534805986{padding-right: 5% !important;padding-left: 5% !important;}&#8221;][vc_column width=&#8221;1\/2&#8243; el_class=&#8221;spacingpara&#8221;][vc_empty_space height=&#8221;60px&#8221;][vc_column_text css=&#8221;&#8221;]<\/p>\n<h1>p\u00e5 fuldkornsbr\u00f8d eller kernefyldt rugbr\u00f8d<\/h1>\n<p>[\/vc_column_text][vc_empty_space height=&#8221;30px&#8221;][vc_column_text css=&#8221;&#8221; el_class=&#8221;maintextforms&#8221;]Smurt p\u00e5 altid hjemmebagte grove flutes eller rugbr\u00f8d.<\/p>\n<p>Ved st\u00f8rre bestillinger send en mail til mm@smagnu.dk<\/p>\n<p>Du kan v\u00e6lge mellem disse slags sandwich.<br \/>\n\u2026 p\u00e5 rugbr\u00f8d: 100,-<br \/>\n\u2026 p\u00e5 groft flute: 110,-<br \/>\n\u2026 p\u00e5 glutenfri: 120,-[\/vc_column_text][vc_empty_space height=&#8221;100px&#8221;][vc_row_inner][vc_column_inner el_class=&#8221;menublock&#8221;][vc_column_text css=&#8221;&#8221;]<\/p>\n<h5 style=\"text-align: center;\">KYLLING<\/h5>\n<p style=\"text-align: center;\">Kylling, gr\u00f8n pesto, saltede agurker, dansk \u201ckr\u00e6met krystal\u201dost, ras el hanout grillede s\u00f8de kartofler &amp; k\u00e5l.<\/p>\n<h5 style=\"text-align: center;\">MAJS FALAFEL<\/h5>\n<p style=\"text-align: center;\">Majs falafel, hummus, chilipesto, r\u00f8dl\u00f8gsrelish, mandler &amp; k\u00e5l. \/\/ LF,\u00a0 V<\/p>\n<h5 style=\"text-align: center;\">LINSE FALAFEL<\/h5>\n<p style=\"text-align: center;\">Linse falafel, tr\u00f8ffel b\u00f8nne pur\u00e9, tomattapenade, grillede aubergine &amp; k\u00e5l. \/\/ LF, PB, V<\/p>\n<p>[\/vc_column_text][\/vc_column_inner][\/vc_row_inner][vc_empty_space height=&#8221;30px&#8221;][vc_row_inner][vc_column_inner width=&#8221;1\/2&#8243;][vc_column_text css=&#8221;&#8221; el_class=&#8221;maintextforms menublock2&#8243;]<\/p>\n<h6 style=\"text-align: center;\">MORTADELLA FOCCACIA SANDWICH<\/h6>\n<p style=\"text-align: center;\">Mortadella, tr\u00f8ffel b\u00f8nne pur\u00e9, tomattapenade, ras el hanout grillede s\u00f8de kartofler &amp; spidsk\u00e5l. \/\/ LF<\/p>\n<h6 style=\"text-align: center;\">110,-<\/h6>\n<p>[\/vc_column_text][\/vc_column_inner][vc_column_inner width=&#8221;1\/2&#8243;][vc_column_text css=&#8221;&#8221; el_class=&#8221;maintextforms menublock2&#8243;]<\/p>\n<h6 style=\"text-align: center;\">GRILLED KIMCHEESE SANDWICH<\/h6>\n<p style=\"text-align: center;\">SMAG\u2019s kimchi, dansk \u201ckr\u00e6met krystal\u201dost &amp; foccacia br\u00f8d.<\/p>\n<h6 style=\"text-align: center;\">95,-<\/h6>\n<p>[\/vc_column_text][\/vc_column_inner][\/vc_row_inner][\/vc_column][vc_column width=&#8221;1\/2&#8243;][vc_single_image image=&#8221;3196&#8243; img_size=&#8221;full&#8221; css=&#8221;&#8221; el_class=&#8221;offset&#8221;][vc_empty_space height=&#8221;30px&#8221;][\/vc_column][\/vc_row][vc_row][vc_column][vc_empty_space height=&#8221;60px&#8221;][\/vc_column][\/vc_row][vc_row css=&#8221;.vc_custom_1767541249844{padding-right: 5% !important;padding-left: 5% !important;background-position: center !important;background-repeat: no-repeat !important;background-size: cover !important;border-radius: 30px !important;}&#8221; el_class=&#8221;banner&#8221;][vc_column][vc_row_inner css=&#8221;.vc_custom_1767541925230{background-image: url(http:\/\/worksopwebdesign.co.uk\/SMAG\/wp-content\/uploads\/2026\/01\/smag1.jpg?id=3054) !important;background-position: center !important;background-repeat: no-repeat !important;background-size: cover !important;border-radius: 30px !important;}&#8221;][vc_column_inner width=&#8221;1\/2&#8243; css=&#8221;.vc_custom_1767541555154{padding-left: 10% !important;}&#8221;][vc_empty_space height=&#8221;250px&#8221;][vc_column_text css=&#8221;&#8221;]<\/p>\n<h1>se ogs\u00e5 vores udvalg af catering menuer<\/h1>\n<p>[\/vc_column_text][vc_btn title=&#8221;CATERING MENUER&#8221; css=&#8221;&#8221; link=&#8221;url:%2Fcatering&#8221;][vc_empty_space height=&#8221;250px&#8221;][\/vc_column_inner][vc_column_inner width=&#8221;1\/2&#8243;][\/vc_column_inner][\/vc_row_inner][\/vc_column][\/vc_row][vc_row][vc_column][vc_empty_space height=&#8221;60px&#8221;][\/vc_column][\/vc_row]<\/p>\n<\/div>","protected":false},"excerpt":{"rendered":"<p>[vc_row content_placement=&#8221;top&#8221; css=&#8221;.vc_custom_1767534805986{padding-right: 5% !important;padding-left: 5% !important;}&#8221;][vc_column width=&#8221;1\/2&#8243; el_class=&#8221;spacingpara&#8221;][vc_empty_space height=&#8221;60px&#8221;][vc_column_text css=&#8221;&#8221;] p\u00e5 fuldkornsbr\u00f8d eller kernefyldt rugbr\u00f8d [\/vc_column_text][vc_empty_space height=&#8221;30px&#8221;][vc_column_text css=&#8221;&#8221; el_class=&#8221;maintextforms&#8221;]Smurt p\u00e5 altid hjemmebagte grove flutes eller rugbr\u00f8d. Ved st\u00f8rre bestillinger send en mail til mm@smagnu.dk Du kan v\u00e6lge mellem disse slags sandwich. \u2026 p\u00e5 rugbr\u00f8d: 100,- \u2026 p\u00e5 groft flute: 110,- \u2026 p\u00e5 glutenfri: 120,-[\/vc_column_text][vc_empty_space [&hellip;]<\/p>\n","protected":false},"author":1,"featured_media":0,"parent":0,"menu_order":0,"comment_status":"closed","ping_status":"closed","template":"","meta":{"footnotes":""},"class_list":["post-3195","page","type-page","status-publish","hentry"],"_links":{"self":[{"href":"http:\/\/worksopwebdesign.co.uk\/SMAG\/wp-json\/wp\/v2\/pages\/3195","targetHints":{"allow":["GET"]}}],"collection":[{"href":"http:\/\/worksopwebdesign.co.uk\/SMAG\/wp-json\/wp\/v2\/pages"}],"about":[{"href":"http:\/\/worksopwebdesign.co.uk\/SMAG\/wp-json\/wp\/v2\/types\/page"}],"author":[{"embeddable":true,"href":"http:\/\/worksopwebdesign.co.uk\/SMAG\/wp-json\/wp\/v2\/users\/1"}],"replies":[{"embeddable":true,"href":"http:\/\/worksopwebdesign.co.uk\/SMAG\/wp-json\/wp\/v2\/comments?post=3195"}],"version-history":[{"count":3,"href":"http:\/\/worksopwebdesign.co.uk\/SMAG\/wp-json\/wp\/v2\/pages\/3195\/revisions"}],"predecessor-version":[{"id":3203,"href":"http:\/\/worksopwebdesign.co.uk\/SMAG\/wp-json\/wp\/v2\/pages\/3195\/revisions\/3203"}],"wp:attachment":[{"href":"http:\/\/worksopwebdesign.co.uk\/SMAG\/wp-json\/wp\/v2\/media?parent=3195"}],"curies":[{"name":"wp","href":"https:\/\/api.w.org\/{rel}","templated":true}]}}