{"id":3481,"date":"2025-09-21T19:40:20","date_gmt":"2025-09-21T18:40:20","guid":{"rendered":"http:\/\/worksopwebdesign.co.uk\/jm\/?page_id=3481"},"modified":"2025-09-21T21:56:26","modified_gmt":"2025-09-21T20:56:26","slug":"coaching","status":"publish","type":"page","link":"http:\/\/worksopwebdesign.co.uk\/jm\/index.php\/coaching\/","title":{"rendered":"COACHING"},"content":{"rendered":"<div class=\"wpb-content-wrapper\"><p>[vc_row full_height=&#8221;yes&#8221; equal_height=&#8221;yes&#8221; content_placement=&#8221;middle&#8221; css=&#8221;.vc_custom_1758482100322{background-position: center !important;background-repeat: no-repeat !important;background-size: cover !important;}&#8221;][vc_column width=&#8221;1\/2&#8243; el_class=&#8221;mainbannertext&#8221;][vc_empty_space][vc_column_text css_animation=&#8221;fadeIn&#8221; css=&#8221;&#8221; el_class=&#8221;mainbannersmall&#8221;]<\/p>\n<h1>Coaching, der kan m\u00e6rkes \u2013 og bruges i hverdagen.<\/h1>\n<p>[\/vc_column_text][vc_column_text css_animation=&#8221;fadeIn&#8221; css=&#8221;&#8221; el_class=&#8221;mainbanner&#8221;]<\/p>\n<h1>Mit fokus er at g\u00f8re s\u00e5rbarhed til en styrke og oms\u00e6tte indsigter til simple handlinger \u2013 s\u00e5 udvikling bliver til ro, retning og mod.<\/h1>\n<p>[\/vc_column_text][vc_empty_space][vc_row_inner][vc_column_inner width=&#8221;1\/2&#8243;][vc_btn title=&#8221;Trivsel &amp; selvv\u00e6rd&#8221; style=&#8221;custom&#8221; custom_background=&#8221;#FFC30000&#8243; custom_text=&#8221;#FCCE00&#8243; css_animation=&#8221;fadeInUp&#8221; css=&#8221;&#8221; link=&#8221;url:%23&#8243; el_class=&#8221;borderbutton&#8221;][\/vc_column_inner][vc_column_inner width=&#8221;1\/2&#8243;][vc_btn title=&#8221;F\u00e6llesskab &amp; ansvar&#8221; style=&#8221;custom&#8221; custom_background=&#8221;#FFC30000&#8243; custom_text=&#8221;#FCCE00&#8243; css_animation=&#8221;fadeInUp&#8221; css=&#8221;&#8221; link=&#8221;url:%23&#8243; el_class=&#8221;borderbutton&#8221;][\/vc_column_inner][\/vc_row_inner][vc_row_inner][vc_column_inner width=&#8221;1\/2&#8243;][vc_btn title=&#8221;Fokus &amp; vaner&#8221; style=&#8221;custom&#8221; custom_background=&#8221;#FFC30000&#8243; custom_text=&#8221;#FCCE00&#8243; css_animation=&#8221;fadeInUp&#8221; css=&#8221;&#8221; link=&#8221;url:%23&#8243; el_class=&#8221;borderbutton&#8221;][\/vc_column_inner][vc_column_inner width=&#8221;1\/2&#8243;][vc_btn title=&#8221;Offentlig tale&#8221; style=&#8221;custom&#8221; custom_background=&#8221;#FFC30000&#8243; custom_text=&#8221;#FCCE00&#8243; css_animation=&#8221;fadeInUp&#8221; css=&#8221;&#8221; link=&#8221;url:%23&#8243; el_class=&#8221;borderbutton&#8221;][\/vc_column_inner][\/vc_row_inner][vc_row_inner][vc_column_inner width=&#8221;1\/2&#8243;][vc_btn title=&#8221;Retning &amp; karriere&#8221; style=&#8221;custom&#8221; custom_background=&#8221;#FFC30000&#8243; custom_text=&#8221;#FCCE00&#8243; css_animation=&#8221;fadeInUp&#8221; css=&#8221;&#8221; link=&#8221;url:%23&#8243; el_class=&#8221;borderbutton&#8221;][\/vc_column_inner][vc_column_inner width=&#8221;1\/2&#8243;][\/vc_column_inner][\/vc_row_inner][vc_empty_space][\/vc_column][vc_column width=&#8221;1\/2&#8243;][vc_single_image image=&#8221;3484&#8243; img_size=&#8221;full&#8221; alignment=&#8221;right&#8221; css=&#8221;&#8221;][\/vc_column][\/vc_row][vc_row full_width=&#8221;stretch_row_content_no_spaces&#8221;][vc_column css_animation=&#8221;fadeInUp&#8221;][vc_empty_space height=&#8221;40px&#8221;][vc_empty_space height=&#8221;40px&#8221;]<div class=\"unero-banners-carousel \"><ul id=\"banners-carousel-69ec07a3b3875\"><li><img loading=\"lazy\" decoding=\"async\" width=\"936\" height=\"1080\" src=\"http:\/\/worksopwebdesign.co.uk\/jm\/wp-content\/uploads\/2025\/09\/carousel1-1.jpg\" class=\"attachment-full size-full\" alt=\"\" srcset=\"http:\/\/worksopwebdesign.co.uk\/jm\/wp-content\/uploads\/2025\/09\/carousel1-1.jpg 936w, http:\/\/worksopwebdesign.co.uk\/jm\/wp-content\/uploads\/2025\/09\/carousel1-1-260x300.jpg 260w, http:\/\/worksopwebdesign.co.uk\/jm\/wp-content\/uploads\/2025\/09\/carousel1-1-887x1024.jpg 887w, http:\/\/worksopwebdesign.co.uk\/jm\/wp-content\/uploads\/2025\/09\/carousel1-1-768x886.jpg 768w, http:\/\/worksopwebdesign.co.uk\/jm\/wp-content\/uploads\/2025\/09\/carousel1-1-370x427.jpg 370w, http:\/\/worksopwebdesign.co.uk\/jm\/wp-content\/uploads\/2025\/09\/carousel1-1-540x623.jpg 540w, http:\/\/worksopwebdesign.co.uk\/jm\/wp-content\/uploads\/2025\/09\/carousel1-1-600x692.jpg 600w\" sizes=\"auto, (max-width: 936px) 100vw, 936px\" \/><a href=\"#\" class=\"link-all\" ><\/a><div class=\"cs-content\"><div class=\"cs-layer\"><div class=\"title\"><h2>UNGE & STUDERENDE (1:1)<\/h2>\n<p>Selvv\u00e6rd, retning og mod \u2013 i \u00f8jenh\u00f8jde. <\/p>\n<p>\u2022 Selvv\u00e6rd &selvtillid <\/p>\n<p>\u2022 Retning i liv\/uddannelse\/arbejde & motivation<\/p>\n<p>\u2022 M\u00f8nsterbrud: uds\u00e6ttelse & over t\u00e6kning <\/p>\n<p>\u2022 Slip af med  bekymringstankerne<\/p>\n<p>\u2022 Modet til, at v\u00e6re sig selv! <\/p>\n\n<a href=\"#workshop\">Book 1:1 <\/a>\n<\/div><a href=\"#\" class=\"link\" >View Products<\/a><\/div><\/div><\/li> <li><img loading=\"lazy\" decoding=\"async\" width=\"936\" height=\"1080\" src=\"http:\/\/worksopwebdesign.co.uk\/jm\/wp-content\/uploads\/2025\/09\/carousel5-1.jpg\" class=\"attachment-full size-full\" alt=\"\" srcset=\"http:\/\/worksopwebdesign.co.uk\/jm\/wp-content\/uploads\/2025\/09\/carousel5-1.jpg 936w, http:\/\/worksopwebdesign.co.uk\/jm\/wp-content\/uploads\/2025\/09\/carousel5-1-260x300.jpg 260w, http:\/\/worksopwebdesign.co.uk\/jm\/wp-content\/uploads\/2025\/09\/carousel5-1-887x1024.jpg 887w, http:\/\/worksopwebdesign.co.uk\/jm\/wp-content\/uploads\/2025\/09\/carousel5-1-768x886.jpg 768w, http:\/\/worksopwebdesign.co.uk\/jm\/wp-content\/uploads\/2025\/09\/carousel5-1-370x427.jpg 370w, http:\/\/worksopwebdesign.co.uk\/jm\/wp-content\/uploads\/2025\/09\/carousel5-1-540x623.jpg 540w, http:\/\/worksopwebdesign.co.uk\/jm\/wp-content\/uploads\/2025\/09\/carousel5-1-600x692.jpg 600w\" sizes=\"auto, (max-width: 936px) 100vw, 936px\" \/><div class=\"cs-content\"><div class=\"cs-layer\"><div class=\"title\"><h2>Ledere, medarbejdere & atleter<\/h2>\n<p>Retning, balance og mental performance. <\/p>\n<p>\u2022 Overv\u00e6ldelse & stress <\/p>\n<p>\u2022 Tvivl & impostor <\/p>\n<p>\u2022 Mening & retning  <\/p>\n<p>\u2022 Perfektionisme & uds\u00e6ttelse <\/p>\n<p>\u2022 Mental performance & mindset<\/p><\/div><a href=\"#\" class=\"link\" >View Products<\/a><\/div><\/div><\/li> <li><img loading=\"lazy\" decoding=\"async\" width=\"936\" height=\"1080\" src=\"http:\/\/worksopwebdesign.co.uk\/jm\/wp-content\/uploads\/2025\/09\/carousel2-1.jpg\" class=\"attachment-full size-full\" alt=\"\" srcset=\"http:\/\/worksopwebdesign.co.uk\/jm\/wp-content\/uploads\/2025\/09\/carousel2-1.jpg 936w, http:\/\/worksopwebdesign.co.uk\/jm\/wp-content\/uploads\/2025\/09\/carousel2-1-260x300.jpg 260w, http:\/\/worksopwebdesign.co.uk\/jm\/wp-content\/uploads\/2025\/09\/carousel2-1-887x1024.jpg 887w, http:\/\/worksopwebdesign.co.uk\/jm\/wp-content\/uploads\/2025\/09\/carousel2-1-768x886.jpg 768w, http:\/\/worksopwebdesign.co.uk\/jm\/wp-content\/uploads\/2025\/09\/carousel2-1-370x427.jpg 370w, http:\/\/worksopwebdesign.co.uk\/jm\/wp-content\/uploads\/2025\/09\/carousel2-1-540x623.jpg 540w, http:\/\/worksopwebdesign.co.uk\/jm\/wp-content\/uploads\/2025\/09\/carousel2-1-600x692.jpg 600w\" sizes=\"auto, (max-width: 936px) 100vw, 936px\" \/><div class=\"cs-content\"><div class=\"cs-layer\"><div class=\"title\"><h2>Public speaking (1:1)<\/h2>\n<p>Bliv taleren, folk lytter til \u2013 i m\u00f8der, p\u00e5 scenen og p\u00e5 kamera. <\/p>\n<p>\u2022 Autenticitet & n\u00e6rv\u00e6r <\/p>\n<p>\u2022 Budskaber der huskes <\/p>\n<p>\u2022 Pr\u00e6sentationsteknik <\/p>\n<p>\u2022 Stemme & kropssprog <\/p>\n<p>\u2022 Selvsikkerhed p\u00e5 scenen <\/p>\n\n<a href=\"#workshop\">Book 1:1 <\/a>\n<\/div><a href=\"#\" class=\"link\" >View Products<\/a><\/div><\/div><\/li><\/ul><\/div>[vc_empty_space height=&#8221;64px&#8221;][\/vc_column][\/vc_row][vc_row css=&#8221;.vc_custom_1758367601756{background-color: #000000 !important;}&#8221; el_class=&#8221;blcackpanel&#8221;][vc_column][vc_empty_space height=&#8221;50px&#8221;][vc_custom_heading text=&#8221;1:1 Coaching:&#8221; font_container=&#8221;tag:h1|text_align:left|color:%23FFFFFF&#8221; css=&#8221;&#8221;][vc_empty_space height=&#8221;20px&#8221;][vc_tta_tour][vc_tta_section title=&#8221;Unge &amp; studerende (1:1)&#8221; tab_id=&#8221;1758301183059-5fb707a7-10b5&#8243;][vc_row_inner][vc_column_inner][vc_custom_heading text=&#8221;Unge &amp; studerende (1:1)&#8221; css=&#8221;&#8221;][vc_empty_space][vc_column_text css=&#8221;&#8221; el_id=&#8221;panelltexts&#8221;]<strong><em>Selvv\u00e6rd, retning og mod \u2013 i \u00f8jenh\u00f8jde.<\/em><\/strong><\/p>\n<p>Jeg har selv st\u00e5et d\u00e9r, hvor man f\u00f8ler sig forkert, bagud eller ikke god nok. Hvor man sammenligner sig med alle andre og f\u00f8ler, at man burde have styr p\u00e5 det hele. I mine sessioner med unge er jeg ikke bare coach \u2013 jeg deler ogs\u00e5 mine egne erfaringer, s\u00e5 vi kan spejle os i hinanden. Det skaber et rum, hvor det er trygt at sige tingene h\u00f8jt og f\u00e5 konkrete greb, der virker i hverdagen.[\/vc_column_text][vc_empty_space][\/vc_column_inner][vc_column_inner el_class=&#8221;pannellists2&#8243; width=&#8221;1\/2&#8243;][vc_column_text css=&#8221;&#8221;]<strong>Det er hvad vi arbejde:<\/strong><\/p>\n<ul>\n<li>L\u00f8fte dit Selvv\u00e6rd &amp; selvtillid<\/li>\n<li>Retning i liv\/uddannelse\/arbejde &amp; motivation<\/li>\n<li>M\u00f8nsterbrud: uds\u00e6ttelse &amp; overt\u00e6nkning<\/li>\n<li>Slip af med bekymringstankerne<\/li>\n<\/ul>\n<p><strong>\u2192 Du g\u00e5r herfra med ro, retning og nye skridt, der giver mening.<\/strong>[\/vc_column_text][\/vc_column_inner][vc_column_inner][vc_btn title=&#8221;Book 1:1 to kontakt pages&#8221; style=&#8221;custom&#8221; custom_background=&#8221;#FFC300&#8243; custom_text=&#8221;#000000&#8243; css=&#8221;&#8221; link=&#8221;url:%23&#8243; el_class=&#8221;yellowbutton&#8221;][\/vc_column_inner][\/vc_row_inner][\/vc_tta_section][vc_tta_section title=&#8221;Ledere, medarbejdere &amp; atleter (1:1)&#8221; tab_id=&#8221;1758310621448-abd22c57-2796&#8243;][vc_row_inner][vc_column_inner][vc_custom_heading text=&#8221;Ledere, medarbejdere &amp; atleter (1:1)&#8221; css=&#8221;&#8221;][vc_empty_space][vc_column_text css=&#8221;&#8221; el_id=&#8221;panelltexts&#8221;]<em>Retning, balance og mental performance.<\/em><\/p>\n<p>Jeg ved, hvordan overv\u00e6ldelse, tvivl og perfektionisme kan spise al din energi \u2013 og hvordan det f\u00f8les at b\u00e6re ansvar, mens hovedet larmer. I vores forl\u00f8b bygger vi <strong>ikke<\/strong> en standardopskrift. Vi finder <strong>dine<\/strong> greb: m\u00e5der at lande ro p\u00e5, tr\u00e6ffe valg og holde fokus, som passer til netop dig og dit liv (og til din sport, hvis det er d\u00e9r, det g\u00e6lder). Vi taler \u00e6rligt, spejler os i hinanden, tester sm\u00e5 ting af \u2013 og beholder kun det, der virker for <strong>dig<\/strong>.[\/vc_column_text][vc_empty_space][\/vc_column_inner][vc_column_inner el_class=&#8221;pannellists2&#8243; width=&#8221;1\/2&#8243;][vc_column_text css=&#8221;&#8221;]<strong>Hvad har vi fokus p\u00e5 i mine sessioner: <\/strong><\/p>\n<ul>\n<li>Overv\u00e6ldelse &amp; stress<\/li>\n<li>Tvivl &amp; impostor<\/li>\n<li>Mening &amp; retning<\/li>\n<li>Perfektionisme &amp; uds\u00e6ttelse<\/li>\n<li>Mental performance &amp; mindset<\/li>\n<\/ul>\n<p><em>\u2192 Du g\u00e5r herfra med ro, retning og mental styrke p\u00e5 dine pr\u00e6misser.<\/em>[\/vc_column_text][\/vc_column_inner][vc_column_inner][vc_btn title=&#8221;Book 1:1&#8243; style=&#8221;custom&#8221; custom_background=&#8221;#FFC300&#8243; custom_text=&#8221;#000000&#8243; css=&#8221;&#8221; link=&#8221;url:%23&#8243; el_class=&#8221;yellowbutton&#8221;][\/vc_column_inner][\/vc_row_inner][\/vc_tta_section][vc_tta_section title=&#8221;Public speaking (1:1)&#8221; tab_id=&#8221;1758310620292-a69cc4af-46f4&#8243;][vc_row_inner][vc_column_inner][vc_custom_heading text=&#8221;Public speaking (1:1)&#8221; css=&#8221;&#8221;][vc_empty_space][vc_column_text css=&#8221;&#8221; el_id=&#8221;panelltexts&#8221;]<em>Bliv taleren, folk lytter til \u2013 i m\u00f8der, p\u00e5 scenen og p\u00e5 kamera.<\/em><\/p>\n<p>Jeg kender selv f\u00f8lelsen af at st\u00e5 foran et rum, hvor hjertet banker, stemmen ryster, og man mest af alt har lyst til at gemme sig. Jeg har arbejdet med det i \u00e5revis \u2013 og bruger i dag de samme teknikker til at v\u00e6re rolig, n\u00e6rv\u00e6rende og mig selv p\u00e5 scenen. Det samme kan du l\u00e6re. Vi tr\u00e6ner b\u00e5de p\u00e5 indholdet og p\u00e5 roen i kroppen, s\u00e5 du st\u00e5r st\u00e6rkt og autentisk \u2013 uden facade \u2013 og dit budskab lander.[\/vc_column_text][vc_empty_space][\/vc_column_inner][vc_column_inner el_class=&#8221;pannellists2&#8243; width=&#8221;1\/2&#8243;][vc_column_text css=&#8221;&#8221;]<strong>Det er hvad vi arbejde: <\/strong><\/p>\n<ul>\n<li>Autenticitet &amp; n\u00e6rv\u00e6r<\/li>\n<li>Budskaber der huskes<\/li>\n<li>Pr\u00e6sentationsteknik<\/li>\n<li>Stemme &amp; kropssprog<\/li>\n<li>Selvsikkerhed p\u00e5 scenen<\/li>\n<\/ul>\n<p><em>\u2192 Du g\u00e5r herfra med st\u00f8rre gennemslagskraft \u2013 og modet til at st\u00e5 der, n\u00e5r det g\u00e6lder.<\/em>[\/vc_column_text][\/vc_column_inner][vc_column_inner][vc_btn title=&#8221;Book 1:1&#8243; style=&#8221;custom&#8221; custom_background=&#8221;#FFC300&#8243; custom_text=&#8221;#000000&#8243; css=&#8221;&#8221; link=&#8221;url:%23&#8243; el_class=&#8221;yellowbutton&#8221;][\/vc_column_inner][\/vc_row_inner][\/vc_tta_section][\/vc_tta_tour][vc_empty_space height=&#8221;50px&#8221;][\/vc_column][\/vc_row][vc_row][vc_column][vc_empty_space][vc_empty_space height=&#8221;42px&#8221;][\/vc_column][\/vc_row][vc_row full_width=&#8221;stretch_row_content_no_spaces&#8221; full_height=&#8221;yes&#8221; equal_height=&#8221;yes&#8221; content_placement=&#8221;middle&#8221; css=&#8221;.vc_custom_1758484472468{padding-left: 0px !important;background-image: url(http:\/\/worksopwebdesign.co.uk\/jm\/wp-content\/uploads\/2025\/09\/coaching2.jpg?id=3490) !important;background-position: center !important;background-repeat: no-repeat !important;background-size: cover !important;}&#8221; el_id=&#8221;bottombanner2&#8243; el_class=&#8221;bottombanner2&#8243;][vc_column][vc_row_inner content_placement=&#8221;middle&#8221; el_class=&#8221;bottombanner&#8221;][vc_column_inner width=&#8221;2\/6&#8243; css=&#8221;.vc_custom_1758483292658{padding-top: 1% !important;padding-right: 1% !important;padding-bottom: 1% !important;padding-left: 1% !important;background-color: #FCCE00 !important;}&#8221;][vc_column_text css=&#8221;&#8221; el_class=&#8221;mainbanner&#8221;]<\/p>\n<h1>Praktisk information<\/h1>\n<p>[\/vc_column_text][vc_empty_space height=&#8221;12px&#8221;][vc_column_text css=&#8221;&#8221; el_class=&#8221;mainbanner&#8221;]<\/p>\n<h1>Proces \u2013 trin for trin<\/h1>\n<p>[\/vc_column_text][vc_column_text css=&#8221;&#8221;]<\/p>\n<ol>\n<li><strong>Intro-call (15 min)<\/strong> \u2013 vi afklarer m\u00e5l\/temaer og v\u00e6lger forl\u00f8b<\/li>\n<li><strong>F\u00f8rste session (60\u201375 min)<\/strong> \u2013 ro &amp; retning + f\u00f8rste skridt<\/li>\n<li><strong>Forl\u00f8b (3, 6 eller 10 sessioner)<\/strong> \u2013 fokus mellem gangene<\/li>\n<li><strong>Opf\u00f8lgning<\/strong> \u2013 hvad virker nu, hvad justerer vi?<\/li>\n<\/ol>\n<p>[\/vc_column_text][vc_empty_space height=&#8221;12px&#8221;][vc_column_text css=&#8221;&#8221; el_class=&#8221;mainbanner&#8221;]<\/p>\n<h1>Rammer<\/h1>\n<p>[\/vc_column_text][vc_column_text css=&#8221;&#8221;]<\/p>\n<ol>\n<li><strong>Format:<\/strong> Online eller fysisk (Charlottenlund)<\/li>\n<li><strong>Varighed:<\/strong> 60\u201375 min pr. session<\/li>\n<li><strong>Fortrolighed:<\/strong> En selvf\u00f8lge<\/li>\n<li><strong>Aflysning:<\/strong> Senest 24 timer f\u00f8r (ellers fuldt bel\u00f8b)<\/li>\n<\/ol>\n<p>[\/vc_column_text][vc_empty_space height=&#8221;12px&#8221;][\/vc_column_inner][vc_column_inner width=&#8221;4\/6&#8243;][\/vc_column_inner][\/vc_row_inner][\/vc_column][\/vc_row]<\/p>\n<\/div>","protected":false},"excerpt":{"rendered":"<p>[vc_row full_height=&#8221;yes&#8221; equal_height=&#8221;yes&#8221; content_placement=&#8221;middle&#8221; css=&#8221;.vc_custom_1758482100322{background-position: center !important;background-repeat: no-repeat !important;background-size: cover !important;}&#8221;][vc_column width=&#8221;1\/2&#8243; el_class=&#8221;mainbannertext&#8221;][vc_empty_space][vc_column_text css_animation=&#8221;fadeIn&#8221; css=&#8221;&#8221; el_class=&#8221;mainbannersmall&#8221;] Coaching, der kan m\u00e6rkes \u2013 og bruges i hverdagen. [\/vc_column_text][vc_column_text css_animation=&#8221;fadeIn&#8221; css=&#8221;&#8221; el_class=&#8221;mainbanner&#8221;] Mit&hellip;<\/p>\n","protected":false},"author":1,"featured_media":0,"parent":0,"menu_order":0,"comment_status":"closed","ping_status":"closed","template":"template-homepage.php","meta":{"footnotes":""},"class_list":["post-3481","page","type-page","status-publish","hentry"],"_links":{"self":[{"href":"http:\/\/worksopwebdesign.co.uk\/jm\/index.php\/wp-json\/wp\/v2\/pages\/3481","targetHints":{"allow":["GET"]}}],"collection":[{"href":"http:\/\/worksopwebdesign.co.uk\/jm\/index.php\/wp-json\/wp\/v2\/pages"}],"about":[{"href":"http:\/\/worksopwebdesign.co.uk\/jm\/index.php\/wp-json\/wp\/v2\/types\/page"}],"author":[{"embeddable":true,"href":"http:\/\/worksopwebdesign.co.uk\/jm\/index.php\/wp-json\/wp\/v2\/users\/1"}],"replies":[{"embeddable":true,"href":"http:\/\/worksopwebdesign.co.uk\/jm\/index.php\/wp-json\/wp\/v2\/comments?post=3481"}],"version-history":[{"count":25,"href":"http:\/\/worksopwebdesign.co.uk\/jm\/index.php\/wp-json\/wp\/v2\/pages\/3481\/revisions"}],"predecessor-version":[{"id":3508,"href":"http:\/\/worksopwebdesign.co.uk\/jm\/index.php\/wp-json\/wp\/v2\/pages\/3481\/revisions\/3508"}],"wp:attachment":[{"href":"http:\/\/worksopwebdesign.co.uk\/jm\/index.php\/wp-json\/wp\/v2\/media?parent=3481"}],"curies":[{"name":"wp","href":"https:\/\/api.w.org\/{rel}","templated":true}]}}