{"id":3532,"date":"2025-09-22T09:20:35","date_gmt":"2025-09-22T08:20:35","guid":{"rendered":"http:\/\/worksopwebdesign.co.uk\/jm\/?page_id=3532"},"modified":"2025-09-22T13:26:32","modified_gmt":"2025-09-22T12:26:32","slug":"referencer-2","status":"publish","type":"page","link":"http:\/\/worksopwebdesign.co.uk\/jm\/index.php\/referencer-2\/","title":{"rendered":"Referencer"},"content":{"rendered":"<div class=\"wpb-content-wrapper\"><p>[vc_row full_height=&#8221;yes&#8221; equal_height=&#8221;yes&#8221; content_placement=&#8221;middle&#8221; css=&#8221;.vc_custom_1758537890934{padding-left: 0px !important;background-image: url(http:\/\/worksopwebdesign.co.uk\/jm\/wp-content\/uploads\/2025\/09\/coaching2.jpg?id=3490) !important;background-position: center !important;background-repeat: no-repeat !important;background-size: cover !important;}&#8221; el_id=&#8221;bottombanner2&#8243; el_class=&#8221;bottombanner2&#8243;][vc_column][vc_row_inner content_placement=&#8221;middle&#8221; el_class=&#8221;bottombanner&#8221;][vc_column_inner width=&#8221;2\/6&#8243; css=&#8221;.vc_custom_1758483292658{padding-top: 1% !important;padding-right: 1% !important;padding-bottom: 1% !important;padding-left: 1% !important;background-color: #FCCE00 !important;}&#8221;][vc_column_text css=&#8221;&#8221; el_class=&#8221;mainbanner&#8221;]<\/p>\n<h1>DU ER IKKE F**CKED \u2013 DU ER BARE UNG (Ungdomsopl\u00e6g)<\/h1>\n<p>[\/vc_column_text][vc_column_text css=&#8221;&#8221;]<div class=\"strong-view strong-view-id-2 modern wpmtst-modern slider-container carousel slider-mode-horizontal slider-adaptive controls-type-sides-outside controls-style-buttons\" data-count=7 data-slider-var=strong_slider_id_2 data-state=idle><div class=\"strong-content wpmslider-content\"><div class=\"wpmtst-testimonial testimonial t-slide post-3513\"><div class=\"wpmtst-testimonial-inner testimonial-inner\"><div data-infinite-loop=\"false\"  class=\"wpmtst-testimonial-content  testimonial-content\"><p>\u201cEleverne kunne identificere sig med ham \u2013 og det gjorde indtryk.\u201d<\/p><\/div><div class=\"wpmtst-testimonial-field testimonial-field testimonial-name\">L\u00e6rer<\/div><div class=\"clear\"><\/div><\/div><\/div><div class=\"wpmtst-testimonial testimonial t-slide post-3510\"><div class=\"wpmtst-testimonial-inner testimonial-inner\"><div data-infinite-loop=\"false\"  class=\"wpmtst-testimonial-content  testimonial-content\"><p>\u201c\u00c6rligt, r\u00f8rende og n\u00f8dvendigt. Julius \u00e5bner d\u00f8re til de sider af ungdomslivet, vi voksne ofte overser \u2013 eller ikke t\u00f8r se. Menneskeligt og vigtigt.\u201d<\/p><\/div><div class=\"clear\"><\/div><\/div><\/div><div class=\"wpmtst-testimonial testimonial t-slide post-3511\"><div class=\"wpmtst-testimonial-inner testimonial-inner\"><div data-infinite-loop=\"false\"  class=\"wpmtst-testimonial-content  testimonial-content\"><p>\u201cN\u00e6rv\u00e6rende og autentisk tog Julius os med p\u00e5 en rejse gennem hans liv. Det ramte i dybden og var s\u00e6rdeles relevant for vores elevgruppe. Her m\u00f8dte de et rigtigt menneske med et rigtigt liv.\u201d<\/p><\/div><div class=\"wpmtst-testimonial-field testimonial-field testimonial-name\">Arrang\u00f8r, ungdomsopl\u00e6g<\/div><div class=\"clear\"><\/div><\/div><\/div><div class=\"wpmtst-testimonial testimonial t-slide post-3512\"><div class=\"wpmtst-testimonial-inner testimonial-inner\"><div data-infinite-loop=\"false\"  class=\"wpmtst-testimonial-content  testimonial-content\"><p>\u201cJulius tryllebandt de unge med sin m\u00e5de at formidle sin personlige historie p\u00e5.\u201d<\/p><\/div><div class=\"wpmtst-testimonial-field testimonial-field testimonial-name\">Folkeskolel\u00e6rer<\/div><div class=\"clear\"><\/div><\/div><\/div><div class=\"wpmtst-testimonial testimonial t-slide post-3515\"><div class=\"wpmtst-testimonial-inner testimonial-inner\"><div data-infinite-loop=\"false\"  class=\"wpmtst-testimonial-content  testimonial-content\"><p>\u201cTusind tak for to fantastiske opl\u00e6g i g\u00e5r. Det har sat sig spor \u2013 og var det f\u00f8rste, alle talte om i morges.\u201d<\/p><\/div><div class=\"wpmtst-testimonial-field testimonial-field testimonial-name\">Skoleleder<\/div><div class=\"clear\"><\/div><\/div><\/div><div class=\"wpmtst-testimonial testimonial t-slide post-3514\"><div class=\"wpmtst-testimonial-inner testimonial-inner\"><div data-infinite-loop=\"false\"  class=\"wpmtst-testimonial-content  testimonial-content\"><p>\u201cHan fangede de unges opm\u00e6rksomhed med det samme. Efter foredraget stod de i k\u00f8 til high-fives og en snak.\u201d<\/p><\/div><div class=\"wpmtst-testimonial-field testimonial-field testimonial-name\">Skolearrang\u00f8r<\/div><div class=\"clear\"><\/div><\/div><\/div><div class=\"wpmtst-testimonial testimonial t-slide post-3516\"><div class=\"wpmtst-testimonial-inner testimonial-inner\"><div data-infinite-loop=\"false\"  class=\"wpmtst-testimonial-content  testimonial-content\"><p>\u201cWake-up call i \u00f8jenh\u00f8jde \u2013 uden pegefingre, med masser af h\u00e5b.\u201d<\/p><\/div><div class=\"wpmtst-testimonial-field testimonial-field testimonial-name\">L\u00e6rer<\/div><div class=\"clear\"><\/div><\/div><\/div><\/div><\/div>[\/vc_column_text][vc_empty_space height=\"12px\"][\/vc_column_inner][vc_column_inner width=\"4\/6\"][\/vc_column_inner][\/vc_row_inner][\/vc_column][\/vc_row][vc_row el_class=\"testimonials\"][vc_column][vc_empty_space height=\"50px\"][vc_column_text css=\"\" el_class=\"mainbanner\"]<\/p>\n<h1>DIGITAL DANNELSE I EN VERDEN, DER ALDRIG SLUKKER<\/h1>\n<p>[\/vc_column_text][vc_empty_space height=\"12px\"][vc_column_text css=\"\"]<div class=\"strong-view strong-view-id-1 modern wpmtst-modern slider-container carousel slider-mode-horizontal slider-adaptive controls-type-sides-outside controls-style-buttons\" data-count=3 data-slider-var=strong_slider_id_1 data-state=idle><div class=\"strong-content wpmslider-content\"><div class=\"wpmtst-testimonial testimonial t-slide post-3526\"><div class=\"wpmtst-testimonial-inner testimonial-inner\"><div data-infinite-loop=\"false\"  class=\"wpmtst-testimonial-content  testimonial-content\"><p>\u201cVores elever forstod pludselig hvorfor de scroller \u2013 og hvad de kan g\u00f8re i morgen. Let at oms\u00e6tte til klassepraksis.\u201d<\/p><\/div><div class=\"wpmtst-testimonial-field testimonial-field testimonial-name\">P\u00e6dagogisk leder, gymnasium<\/div><div class=\"clear\"><\/div><\/div><\/div><div class=\"wpmtst-testimonial testimonial t-slide post-3527\"><div class=\"wpmtst-testimonial-inner testimonial-inner\"><div data-infinite-loop=\"false\"  class=\"wpmtst-testimonial-content  testimonial-content\"><p>\u201cJulius taler om algoritmer, dopamin og vaner i \u00f8jenh\u00f8jde. Ingen skam, bare klare greb.\u201d<\/p><\/div><div class=\"wpmtst-testimonial-field testimonial-field testimonial-name\">L\u00e6rer, ungdomsuddannelse<\/div><div class=\"clear\"><\/div><\/div><\/div><div class=\"wpmtst-testimonial testimonial t-slide post-3528\"><div class=\"wpmtst-testimonial-inner testimonial-inner\"><div data-infinite-loop=\"false\"  class=\"wpmtst-testimonial-content  testimonial-content\"><p>\u201c\u00c6rlig dialog om sk\u00e6rm og sammenligning \u2013 og konkrete rutiner, vi allerede har indf\u00f8rt.\u201d<\/p><\/div><div class=\"wpmtst-testimonial-field testimonial-field testimonial-name\">Skoleleder<\/div><div class=\"clear\"><\/div><\/div><\/div><\/div><\/div>[\/vc_column_text][vc_empty_space height=\"50px\"][\/vc_column][\/vc_row][vc_row full_height=\"yes\" equal_height=\"yes\" content_placement=\"middle\" css=\".vc_custom_1758537798743{padding-left: 0px !important;background-image: url(http:\/\/worksopwebdesign.co.uk\/jm\/wp-content\/uploads\/2025\/09\/jm1-1.jpg?id=3479) !important;background-position: center !important;background-repeat: no-repeat !important;background-size: cover !important;}\" el_class=\"bottombanner2\" el_id=\"bottombanner2\"][vc_column][vc_row_inner content_placement=\"middle\" el_class=\"bottombanner\"][vc_column_inner width=\"2\/6\" css=\".vc_custom_1758483292658{padding-top: 1% !important;padding-right: 1% !important;padding-bottom: 1% !important;padding-left: 1% !important;background-color: #FCCE00 !important;}\"][vc_column_text css=\"\" el_class=\"mainbanner\"]<\/p>\n<h1>TAL S\u00c5 DET M\u00c6RKES \u2013 OGS\u00c5 N\u00c5R DU ER P\u00c5<\/h1>\n<p>[\/vc_column_text][vc_column_text css=\"\"]<div class=\"strong-view strong-view-id-2 modern wpmtst-modern slider-container carousel slider-mode-horizontal slider-adaptive controls-type-sides-outside controls-style-buttons\" data-count=3 data-slider-var=strong_slider_id_2 data-state=idle><div class=\"strong-content wpmslider-content\"><div class=\"wpmtst-testimonial testimonial t-slide post-3529\"><div class=\"wpmtst-testimonial-inner testimonial-inner\"><div data-infinite-loop=\"false\"  class=\"wpmtst-testimonial-content  testimonial-content\"><p>\u201cFra slides til historier. Julius hjalp vores ledere med ro, tydelig stemme og budskaber, der lander. Enkel struktur, bedre kropssprog \u2013 og mod til at v\u00e6re os selv p\u00e5 scenen.\u201d<\/p><\/div><div class=\"wpmtst-testimonial-field testimonial-field testimonial-name\">Kommunikationschef, national k\u00e6de<\/div><div class=\"clear\"><\/div><\/div><\/div><div class=\"wpmtst-testimonial testimonial t-slide post-3530\"><div class=\"wpmtst-testimonial-inner testimonial-inner\"><div data-infinite-loop=\"false\"  class=\"wpmtst-testimonial-content  testimonial-content\"><p>\u201cKlare budskaber, st\u00e6rkere kropssprog og mere n\u00e6rv\u00e6r. Vores taler bliver husket.\u201d<\/p><\/div><div class=\"wpmtst-testimonial-field testimonial-field testimonial-name\">Marketingdirekt\u00f8r<\/div><div class=\"clear\"><\/div><\/div><\/div><div class=\"wpmtst-testimonial testimonial t-slide post-3531\"><div class=\"wpmtst-testimonial-inner testimonial-inner\"><div data-infinite-loop=\"false\"  class=\"wpmtst-testimonial-content  testimonial-content\"><p>\u201cV\u00e6r dig selv \u2013 og bliv h\u00f8rt.\u201d<\/p><\/div><div class=\"wpmtst-testimonial-field testimonial-field testimonial-name\">CEO<\/div><div class=\"clear\"><\/div><\/div><\/div><\/div><\/div>[\/vc_column_text][vc_empty_space height=\"12px\"][\/vc_column_inner][vc_column_inner width=\"4\/6\"][\/vc_column_inner][\/vc_row_inner][\/vc_column][\/vc_row][vc_row el_class=\"testimonials\"][vc_column][vc_empty_space height=\"50px\"][vc_column_text css=\"\" el_class=\"mainbanner\"]<\/p>\n<h1>SKAB EN ARBEJDSPLADS, MAN HAR LYST TIL AT BLIVE I (Arbejdsgl\u00e6de &amp; Kultur)<\/h1>\n<p>[\/vc_column_text][vc_empty_space height=\"12px\"][vc_column_text css=\"\"]<div class=\"strong-view strong-view-id-1 modern wpmtst-modern slider-container carousel slider-mode-horizontal slider-adaptive controls-type-sides-outside controls-style-buttons\" data-count=3 data-slider-var=strong_slider_id_1 data-state=idle><div class=\"strong-content wpmslider-content\"><div class=\"wpmtst-testimonial testimonial t-slide post-3529\"><div class=\"wpmtst-testimonial-inner testimonial-inner\"><div data-infinite-loop=\"false\"  class=\"wpmtst-testimonial-content  testimonial-content\"><p>\u201cFra slides til historier. Julius hjalp vores ledere med ro, tydelig stemme og budskaber, der lander. Enkel struktur, bedre kropssprog \u2013 og mod til at v\u00e6re os selv p\u00e5 scenen.\u201d<\/p><\/div><div class=\"wpmtst-testimonial-field testimonial-field testimonial-name\">Kommunikationschef, national k\u00e6de<\/div><div class=\"clear\"><\/div><\/div><\/div><div class=\"wpmtst-testimonial testimonial t-slide post-3530\"><div class=\"wpmtst-testimonial-inner testimonial-inner\"><div data-infinite-loop=\"false\"  class=\"wpmtst-testimonial-content  testimonial-content\"><p>\u201cKlare budskaber, st\u00e6rkere kropssprog og mere n\u00e6rv\u00e6r. Vores taler bliver husket.\u201d<\/p><\/div><div class=\"wpmtst-testimonial-field testimonial-field testimonial-name\">Marketingdirekt\u00f8r<\/div><div class=\"clear\"><\/div><\/div><\/div><div class=\"wpmtst-testimonial testimonial t-slide post-3531\"><div class=\"wpmtst-testimonial-inner testimonial-inner\"><div data-infinite-loop=\"false\"  class=\"wpmtst-testimonial-content  testimonial-content\"><p>\u201cV\u00e6r dig selv \u2013 og bliv h\u00f8rt.\u201d<\/p><\/div><div class=\"wpmtst-testimonial-field testimonial-field testimonial-name\">CEO<\/div><div class=\"clear\"><\/div><\/div><\/div><\/div><\/div>[\/vc_column_text][vc_empty_space height=\"50px\"][\/vc_column][\/vc_row][vc_row full_height=\"yes\" equal_height=\"yes\" content_placement=\"middle\" css=\".vc_custom_1758537804553{padding-left: 0px !important;background-image: url(http:\/\/worksopwebdesign.co.uk\/jm\/wp-content\/uploads\/2025\/09\/banner2.jpg?id=3459) !important;background-position: center !important;background-repeat: no-repeat !important;background-size: cover !important;}\" el_class=\"bottombanner2\" el_id=\"bottombanner2\"][vc_column][vc_row_inner content_placement=\"middle\" el_class=\"bottombanner\"][vc_column_inner width=\"2\/6\" css=\".vc_custom_1758483292658{padding-top: 1% !important;padding-right: 1% !important;padding-bottom: 1% !important;padding-left: 1% !important;background-color: #FCCE00 !important;}\"][vc_column_text css=\"\" el_class=\"mainbanner\"]<\/p>\n<h1>DEN NYE UNGE GENERATION \u2013 FORST\u00c5, MOTIV\u00c9R &amp; F\u00c5 DEM TIL AT V\u00c6LGE JER TIL (Gen Z)<\/h1>\n<p>[\/vc_column_text][vc_column_text css=\"\"]<div class=\"strong-view strong-view-id-2 modern wpmtst-modern slider-container carousel slider-mode-horizontal slider-adaptive controls-type-sides-outside controls-style-buttons\" data-count=3 data-slider-var=strong_slider_id_2 data-state=idle><div class=\"strong-content wpmslider-content\"><div class=\"wpmtst-testimonial testimonial t-slide post-3522\"><div class=\"wpmtst-testimonial-inner testimonial-inner\"><div data-infinite-loop=\"false\"  class=\"wpmtst-testimonial-content  testimonial-content\"><p>\u201cRelation f\u00f8r kontrol \u2013 og det virker.\u201d<\/p><\/div><div class=\"wpmtst-testimonial-field testimonial-field testimonial-name\">Afdelingschef, offentlig organisation<\/div><div class=\"clear\"><\/div><\/div><\/div><div class=\"wpmtst-testimonial testimonial t-slide post-3521\"><div class=\"wpmtst-testimonial-inner testimonial-inner\"><div data-infinite-loop=\"false\"  class=\"wpmtst-testimonial-content  testimonial-content\"><p>\u201cEndelig konkrete greb til Gen Z: tydelige rammer, \u00e6rlig feedback og mere ejerskab.\u201d<\/p><\/div><div class=\"wpmtst-testimonial-field testimonial-field testimonial-name\">Teamleder, servicebranchen<\/div><div class=\"clear\"><\/div><\/div><\/div><div class=\"wpmtst-testimonial testimonial t-slide post-3520\"><div class=\"wpmtst-testimonial-inner testimonial-inner\"><div data-infinite-loop=\"false\"  class=\"wpmtst-testimonial-content  testimonial-content\"><p>\u201cJulius gav os et jordn\u00e6rt indblik i Gen Z og enkle greb til onboarding, feedback og forventninger. Vi forst\u00e5r dem bedre \u2013 og de forst\u00e5r os. Det har l\u00f8ftet engagementet og gjort det lettere at f\u00e5 unge talenter til at v\u00e6lge os til.\u201d<\/p><\/div><div class=\"wpmtst-testimonial-field testimonial-field testimonial-name\">HR Business Partner, produktionsvirksomhed<\/div><div class=\"clear\"><\/div><\/div><\/div><\/div><\/div>[\/vc_column_text][vc_empty_space height=\"12px\"][\/vc_column_inner][vc_column_inner width=\"4\/6\"][\/vc_column_inner][\/vc_row_inner][\/vc_column][\/vc_row][vc_row el_class=\"testimonials\"][vc_column][vc_empty_space height=\"50px\"][vc_column_text css=\"\" el_class=\"mainbanner\"]<\/p>\n<h1>UNGE OG RUSMIDLER \u2013 VEJEN IND OG UD AF ET MISBRUG<\/h1>\n<p>[\/vc_column_text][vc_empty_space height=\"12px\"][vc_column_text css=\"\"]<div class=\"strong-view strong-view-id-1 modern wpmtst-modern slider-container carousel slider-mode-horizontal slider-adaptive controls-type-sides-outside controls-style-buttons\" data-count=3 data-slider-var=strong_slider_id_1 data-state=idle><div class=\"strong-content wpmslider-content\"><div class=\"wpmtst-testimonial testimonial t-slide post-3517\"><div class=\"wpmtst-testimonial-inner testimonial-inner\"><div data-infinite-loop=\"false\"  class=\"wpmtst-testimonial-content  testimonial-content\"><p>\u201cMan kan v\u00e6re helt ude at skide \u2013 og stadig have noget i sig, der vil livet. Efter Julius\u2019 foredrag f\u00f8ler jeg mig som for\u00e6lder langt bedre kl\u00e6dt p\u00e5 til at st\u00e5 p\u00e5 sidelinjen, n\u00e5r ungdomslivet rammer.\u201d<\/p><\/div><div class=\"wpmtst-testimonial-field testimonial-field testimonial-name\">For\u00e6lder til udskolingselev<\/div><div class=\"clear\"><\/div><\/div><\/div><div class=\"wpmtst-testimonial testimonial t-slide post-3519\"><div class=\"wpmtst-testimonial-inner testimonial-inner\"><div data-infinite-loop=\"false\"  class=\"wpmtst-testimonial-content  testimonial-content\"><p>\u201cGiver mod og sprog \u2013 til b\u00e5de unge og voksne.\u201d<\/p><\/div><div class=\"wpmtst-testimonial-field testimonial-field testimonial-name\">L\u00e6rer<\/div><div class=\"clear\"><\/div><\/div><\/div><div class=\"wpmtst-testimonial testimonial t-slide post-3518\"><div class=\"wpmtst-testimonial-inner testimonial-inner\"><div data-infinite-loop=\"false\"  class=\"wpmtst-testimonial-content  testimonial-content\"><p>\u201c\u00c6rlig, r\u00f8rende og vigtig formidling om rusmidler, pres og h\u00e5b \u2013 uden pegefingre.\u201d<\/p><\/div><div class=\"wpmtst-testimonial-field testimonial-field testimonial-name\">SSP-konsulent<\/div><div class=\"clear\"><\/div><\/div><\/div><\/div><\/div>[\/vc_column_text][vc_empty_space height=\"50px\"][\/vc_column][\/vc_row]<\/p>\n<\/div>","protected":false},"excerpt":{"rendered":"<p>[vc_row full_height=&#8221;yes&#8221; equal_height=&#8221;yes&#8221; content_placement=&#8221;middle&#8221; css=&#8221;.vc_custom_1758537890934{padding-left: 0px !important;background-image: url(http:\/\/worksopwebdesign.co.uk\/jm\/wp-content\/uploads\/2025\/09\/coaching2.jpg?id=3490) !important;background-position: center !important;background-repeat: no-repeat !important;background-size: cover !important;}&#8221; el_id=&#8221;bottombanner2&#8243; el_class=&#8221;bottombanner2&#8243;][vc_column][vc_row_inner content_placement=&#8221;middle&#8221; el_class=&#8221;bottombanner&#8221;][vc_column_inner width=&#8221;2\/6&#8243; css=&#8221;.vc_custom_1758483292658{padding-top: 1% !important;padding-right: 1% !important;padding-bottom: 1% !important;padding-left: 1% !important;background-color: #FCCE00&hellip;<\/p>\n","protected":false},"author":1,"featured_media":0,"parent":0,"menu_order":0,"comment_status":"closed","ping_status":"closed","template":"","meta":{"footnotes":""},"class_list":["post-3532","page","type-page","status-publish","hentry"],"_links":{"self":[{"href":"http:\/\/worksopwebdesign.co.uk\/jm\/index.php\/wp-json\/wp\/v2\/pages\/3532","targetHints":{"allow":["GET"]}}],"collection":[{"href":"http:\/\/worksopwebdesign.co.uk\/jm\/index.php\/wp-json\/wp\/v2\/pages"}],"about":[{"href":"http:\/\/worksopwebdesign.co.uk\/jm\/index.php\/wp-json\/wp\/v2\/types\/page"}],"author":[{"embeddable":true,"href":"http:\/\/worksopwebdesign.co.uk\/jm\/index.php\/wp-json\/wp\/v2\/users\/1"}],"replies":[{"embeddable":true,"href":"http:\/\/worksopwebdesign.co.uk\/jm\/index.php\/wp-json\/wp\/v2\/comments?post=3532"}],"version-history":[{"count":16,"href":"http:\/\/worksopwebdesign.co.uk\/jm\/index.php\/wp-json\/wp\/v2\/pages\/3532\/revisions"}],"predecessor-version":[{"id":3549,"href":"http:\/\/worksopwebdesign.co.uk\/jm\/index.php\/wp-json\/wp\/v2\/pages\/3532\/revisions\/3549"}],"wp:attachment":[{"href":"http:\/\/worksopwebdesign.co.uk\/jm\/index.php\/wp-json\/wp\/v2\/media?parent=3532"}],"curies":[{"name":"wp","href":"https:\/\/api.w.org\/{rel}","templated":true}]}}